{"id":779,"date":"2024-05-31T08:48:59","date_gmt":"2024-05-31T08:48:59","guid":{"rendered":"https:\/\/guimoyeabogados.novallibres.com\/?page_id=779"},"modified":"2024-09-04T08:54:43","modified_gmt":"2024-09-04T08:54:43","slug":"reserva-de-cita","status":"publish","type":"page","link":"https:\/\/guimoyeabogados.novallibres.com\/index.php\/reserva-de-cita\/","title":{"rendered":"Reserva cita virtual"},"content":{"rendered":"\n<p>Puedes realizar tu reserva de cita virtual con Guimoy\u00e9 Abogados para resolver tus dudas y consultas respecto a lo que ser\u00e1 la mejor decisi\u00f3n para ti en el tema legal que requieres. El importe de la consulta es de 50\u20ac y se descontar\u00e1 del importe final, en caso de contratar cualquier servicio.<\/p>\n\n\n\n<p>Puede abonarse por bizum al 644524369. La cita quedar\u00e1 confirmada cuando se remita el justificante de pago.<\/p>\n\n\n\n<pre class=\"wp-block-code\"><code><\/code><\/pre>\n\n\n <div id=\"form_id1461062889796\"  class=\"wpbc_container wpbc_form wpbc_container_booking_form  \" ><form  id=\"booking_form1\"   class=\"booking_form vertical\" method=\"post\" action=\"\"><div id=\"ajax_respond_insert1\" class=\"ajax_respond_insert\" style=\"display:none;\"><\/div><a name=\"bklnk1\" id=\"bklnk1\"><\/a><div id=\"booking_form_div1\" class=\"booking_form_div\"><style type=\"text\/css\">.wpbc_container_booking_form .block_hints, .wpbc_booking_form_simple.wpbc_form_center .wpbc__form__div .wpbc__row.wpbc_r_calendar,  .wpbc_booking_form_simple .wpbc__form__div .wpbc__row:not(.wpbc_r_calendar){max-width:440px;} <\/style>\n<div class=\"wpbc_booking_form_simple \">\n<div class=\"wpbc__row\">\n  <div class=\"wpbc__field\">\n    <div class=\"wpbc_calendar_wraper wpbc_change_over_triangle wpbc_calendar_skin_legacy\"><div class=\"wpbc_cal_container bk_calendar_frame wpbc_no_custom_width  months_num_in_row_ cal_month_num_1\" style=\"\"><div id=\"calendar_booking1\">Cargando Calendario...<\/div><\/div><div style=\"font-size:7px;text-align:left;margin:0 0 10px;text-shadow: none;\">Powered by <a href=\"https:\/\/wpbookingcalendar.com\" style=\"font-size:7px;\" target=\"_blank\" title=\"Booking Calendar plugin for WordPress\">Booking Calendar<\/a><\/div><textarea id=\"date_booking1\" name=\"date_booking1\" autocomplete=\"off\" style=\"display:none;\"><\/textarea><div class=\"block_hints datepick \"><div class=\"wpdev_hint_with_text\"><div class=\"\"><div class=\"datepick-inline wpbc_calendar_legend_table_width_height\"><table class=\"datepick wpbc_calendar\" style=\"\"><tbody><tr><td class=\"datepick-days-cell date_available wpbc_calendar_legend_day_cell_height\"><div class=\"wpbc-cell-box\">\t<div class=\"date-cell-content\">\t\t<div class=\"date-content-top\"><\/div>\t\t<a>&nbsp;<\/a>\t\t<div class=\"date-content-bottom\"><\/div>\t<\/div><\/div><\/td><\/tr><\/tbody><\/table><\/div><\/div><div class=\"block_text\">- <\/div><div class=\"block_text\">Disponible<\/div><\/div><div class=\"wpdev_hint_with_text\"><div class=\"\"><div class=\"datepick-inline wpbc_calendar_legend_table_width_height\"><table class=\"datepick wpbc_calendar\" style=\"\"><tbody><tr><td class=\"datepick-days-cell datepick-unselectable date_user_unavailable full_day_booking date_approved wpbc_calendar_legend_day_cell_height\"><div class=\"wpbc-cell-box\">\t<div class=\"date-cell-content\">\t\t<div class=\"date-content-top\"><\/div>\t\t<span>&nbsp;<\/span>\t\t<div class=\"date-content-bottom\"><\/div>\t<\/div><\/div><\/td><\/tr><\/tbody><\/table><\/div><\/div><div class=\"block_text\">- <\/div><div class=\"block_text\">Reservado<\/div><\/div><div class=\"wpdev_hint_with_text\"><div class=\"\"><div class=\"datepick-inline wpbc_calendar_legend_table_width_height\"><table class=\"datepick wpbc_calendar\" style=\"\"><tbody><tr><td class=\"datepick-days-cell datepick-unselectable date_user_unavailable full_day_booking date2approve wpbc_calendar_legend_day_cell_height\"><div class=\"wpbc-cell-box\">\t<div class=\"date-cell-content\">\t\t<div class=\"date-content-top\"><\/div>\t\t<span>&nbsp;<\/span>\t\t<div class=\"date-content-bottom\"><\/div>\t<\/div><\/div><\/td><\/tr><\/tbody><\/table><\/div><\/div><div class=\"block_text\">- <\/div><div class=\"block_text\">Pendiente<\/div><\/div><div class=\"wpdev_hint_with_text\"><div class=\"\"><span class=\" wpbc_change_over_triangle\"><div class=\"datepick-inline wpbc_calendar_legend_table_width_height\"><table class=\"datepick wpbc_calendar\" style=\"\"><tbody><tr><td class=\"datepick-days-cell date_available date2approve timespartly times_clock wpbc_calendar_legend_day_cell_height\"><div class=\"wpbc-cell-box\">\t<div class=\"wpbc-diagonal-el\">\t\t<div class=\"wpbc-co-out\"><svg height=\"100%\" width=\"100%\" viewBox=\"0 0 100 100\" preserveAspectRatio=\"none\"><polygon points=\"0,0 0,99 99,0\"><\/polygon><polygon points=\"0,0 0,100 49,100 49,0\"><\/polygon><\/svg><\/div>\t\t<div class=\"wpbc-co-in\"><svg height=\"100%\" width=\"100%\" viewBox=\"0 0 98 98\" preserveAspectRatio=\"none\"><polygon points=\"0,99 99,99 99,0\"><\/polygon><polygon points=\"50,98 98,98 98,0 50,0\"><\/polygon><\/svg><\/div>\t<\/div>\t<div class=\"date-cell-content\">\t\t<div class=\"date-content-top\"><div class=\"wpbc_time_dots\">\u00b7<\/div><\/div>\t\t<a>&nbsp;<\/a>\t\t<div class=\"date-content-bottom\"><\/div>\t<\/div><\/div><\/td><\/tr><\/tbody><\/table><\/div><\/span><\/div><div class=\"block_text\">- <\/div><div class=\"block_text\">Parcialmente reservado<\/div><\/div><\/div><\/div>\n  <\/div>\n  <div class=\"wpbc__field\">\n    <div class=\"wpbc__form__div\">\n\t<div class=\"wpbc__row\">\n      <div class=\"wpbc_r_rangetime wpbc__field\">  <label for=\"rangetime1\">Intervalos de tiempo*<\/label><br>   <select name=\"rangetime1\" id=\"rangetime1\" class=\"input-xlarge wpdev-validates-as-required\" >  <option value=\"09:00 - 09:30\" >9:00 AM - 9:30 AM<\/option>  <option value=\"09:30 - 10:00\" >9:30 AM - 10:00 AM<\/option>  <option value=\"10:00 - 10:30\" >10:00 AM - 10:30 AM<\/option>  <option value=\"10:30 - 11:00\" >10:30 AM - 11:00 AM<\/option>  <option value=\"14:00 - 14:30\" >2:00 PM - 2:30 PM<\/option>  <option value=\"14:30 - 15:00\" >2:30 PM - 3:00 PM<\/option>  <option value=\"15:00 - 15:30\" >3:00 PM - 3:30 PM<\/option>  <option value=\"15:30 - 16:00\" >3:30 PM - 4:00 PM<\/option>  <option value=\"20:00 - 20:30\" >8:00 PM - 8:30 PM<\/option>  <option value=\"20:30 - 21:00\" >8:30 PM - 9:00 PM<\/option>     <\/select><\/div>\n\t<\/div>\n\t<div class=\"wpbc__row\">\n      <div class=\"wpbc_r_name wpbc__field\">  <label for=\"name1\">Nombre*<\/label><br>   <input type=\"text\" name=\"name1\" id=\"name1\" class=\"input-xlarge wpdev-validates-as-required\" \/><\/div>\n\t<\/div>\n\t<div class=\"wpbc__row\">\n      <div class=\"wpbc_r_secondname wpbc__field\">  <label for=\"secondname1\">Apellido*<\/label><br>   <input type=\"text\" name=\"secondname1\" id=\"secondname1\" class=\"input-xlarge wpdev-validates-as-required\" \/><\/div>\n\t<\/div>\n\t<div class=\"wpbc__row\">\n      <div class=\"wpbc_r_email wpbc__field\">  <label for=\"email1\">Email*<\/label><br>   <input type=\"email\" name=\"email1\" id=\"email1\" class=\"input-xlarge wpdev-validates-as-email wpdev-validates-as-required wpdev-validates-as-required\" \/><\/div>\n\t<\/div>\n\t<div class=\"wpbc__row\">\n      <div class=\"wpbc_r_phone wpbc__field\">  <label for=\"phone1\">M\u00f3vil<\/label><br>   <input type=\"text\" name=\"phone1\" id=\"phone1\" class=\"input-xlarge\" \/><\/div>\n\t<\/div>\n\t<div class=\"wpbc__row\">\n      <div class=\"wpbc_r_details wpbc__field\">  <label for=\"details1\">Tema de la consulta<\/label><br>   <textarea  rows=\"3\" name=\"details1\" id=\"details1\" class=\"input-xlarge\" ><\/textarea><\/div>\n\t<\/div>\n\t<div class=\"wpbc__row\">\n      <div class=\"wpbc_r_captcha wpbc__field\"> <span class=\"wpbc_text_captcha_container wpdev-form-control-wrap \"><input  autocomplete=\"off\" type=\"hidden\" name=\"wpdev_captcha_challenge_1\"  id=\"wpdev_captcha_challenge_1\" value=\"3015251996\" \/><input  autocomplete=\"off\" type=\"text\" class=\"captachinput\" value=\"\" name=\"captcha_input1\" id=\"captcha_input1\" \/><img decoding=\"async\" class=\"captcha_img\"  id=\"captcha_img1\" alt=\"To show CAPTCHA, please deactivate cache plugin or exclude this page from caching or disable CAPTCHA at WP Booking Calendar - Settings General page in Form Options section.\" src=\"https:\/\/guimoyeabogados.novallibres.com\/wp-content\/plugins\/booking\/js\/captcha\/tmp\/3015251996.png\" \/><\/span><\/div>\n\t<\/div>\n\t<div class=\"wpbc__row\">\n      <div class=\"wpbc_r_submit wpbc__field\"> <button class=\"wpbc_button_light\" type=\"button\" onclick=\"mybooking_submit(this.form,1,'es_ES');\" >Enviar<\/button>\n<\/div>\n\t<\/div>\n    <\/div>\n  <\/div>\n<\/div>\n<\/div><input id=\"bk_type1\" name=\"bk_type1\" class=\"\" type=\"hidden\" value=\"1\" \/><\/div><div id=\"submiting1\"><\/div><div class=\"form_bk_messages\" id=\"form_bk_messages1\" ><\/div><input type=\"hidden\" id=\"wpbc_nonceCALCULATE_THE_COST1\" name=\"wpbc_nonceCALCULATE_THE_COST1\" value=\"72a77a870f\" \/><input type=\"hidden\" name=\"_wp_http_referer\" value=\"\/index.php\/wp-json\/wp\/v2\/pages\/779\" \/><\/form><\/div><div id=\"booking_form_garbage1\" class=\"booking_form_garbage\"><\/div><script type=\"text\/javascript\"> (function() { var a = setInterval( function() {  if ( ( 'undefined' === typeof _wpbc ) || ( 'undefined' === typeof jQuery ) || ! window.jQuery ) { return; } clearInterval( a ); jQuery( document ).ready( function (){ jQuery(\".widget_wpdev_booking .booking_form.form-horizontal\").removeClass(\"form-horizontal\");\n                                    var visible_calendars_count = _wpbc.get_other_param( \"calendars__on_this_page\" ).length;\n                                    if (visible_calendars_count !== null ) {\n                                        for (var i=0;i< visible_calendars_count ;i++){\n                                          if ( _wpbc.get_other_param( \"calendars__on_this_page\" )[i] === 1 ) {\n                                              document.getElementById(\"form_id1461062889796\").innerHTML = \"<span style='color:#A00;font-size:10px;'>Warning! Booking calendar for this booking resource are already at the page, please check more about this issue at this page: https:\/\/wpbookingcalendar.com\/faq\/why-the-booking-calendar-widget-not-show-on-page\/<\/span>\";                                                                                                  \n                                              jQuery(\"#form_id1461062889796\").animate( {opacity: 1}, 10000 ).fadeOut(5000);\n                                              return;\n                                          }\n                                        }\n                                        _wpbc.get_other_param( \"calendars__on_this_page\" )[ visible_calendars_count ]=1;\n                                    } } ); }, 500 ); })();<\/script> <script type=\"text\/javascript\"> (function() { var a = setInterval( function() {  if ( ( 'undefined' === typeof _wpbc ) || ( 'undefined' === typeof jQuery ) || ! window.jQuery ) { return; } clearInterval( a ); jQuery( document ).ready( function (){ _wpbc.balancer__set_max_threads( 3 );  _wpbc.calendar__set_param_value( 1 , 'calendar_scroll_to' , false );  _wpbc.calendar__set_param_value( 1 , 'booking_max_monthes_in_calendar' , '6m' );  _wpbc.calendar__set_param_value( 1 , 'booking_start_day_weeek' , '1' );  _wpbc.calendar__set_param_value( 1 , 'calendar_number_of_months' , '1' );   _wpbc.calendar__set_param_value( 1, 'days_select_mode', 'single' );   _wpbc.calendar__set_param_value( 1, 'fixed__days_num', 0 );   _wpbc.calendar__set_param_value( 1, 'fixed__week_days__start',   [] );   _wpbc.calendar__set_param_value( 1, 'dynamic__days_min', 0 );   _wpbc.calendar__set_param_value( 1, 'dynamic__days_max', 0 );   _wpbc.calendar__set_param_value( 1, 'dynamic__days_specific',    [] );   _wpbc.calendar__set_param_value( 1, 'dynamic__week_days__start', [] );   _wpbc.calendar__set_param_value( 1, 'booking_date_format', 'j M Y' );   _wpbc.calendar__set_param_value( 1, 'booking_time_format', 'g:i a' );   if ( 'function' === typeof ( wpbc__conditions__SAVE_INITIAL__days_selection_params__bm ) ){ wpbc__conditions__SAVE_INITIAL__days_selection_params__bm( 1 ); }   wpbc_calendar_show( '1' );   _wpbc.set_secure_param( 'nonce',   'd059eafa1a' );   _wpbc.set_secure_param( 'user_id', '0' );   _wpbc.set_secure_param( 'locale',  'es_ES' );  wpbc_calendar__load_data__ajx( {\"resource_id\":1,\"booking_hash\":\"\",\"request_uri\":\"\\\/index.php\\\/wp-json\\\/wp\\\/v2\\\/pages\\\/779\",\"custom_form\":\"standard\",\"aggregate_resource_id_str\":\"\",\"aggregate_type\":\"all\"} ); } ); }, 500 ); })();<\/script>\n\n\n\n<h3 class=\"wp-block-heading\">Si deseas reservar una cita en d\u00eda viernes, escr\u00edbenos y te brindaremos las franjas horarias disponibles. Puedes hacerlo aqu\u00ed en nuestra secci\u00f3n de <a href=\"https:\/\/guimoyeabogados.novallibres.com\/index.php\/contact\/\" target=\"_blank\" rel=\"noreferrer noopener\">Contacto<\/a>.<\/h3>\n","protected":false},"excerpt":{"rendered":"<p>Puedes realizar tu reserva de cita virtual con Guimoy\u00e9 Abogados para resolver tus dudas y consultas respecto a lo que ser\u00e1 la mejor decisi\u00f3n para ti en el tema legal que requieres. El importe de la consulta es de 50\u20ac y se descontar\u00e1 del importe final, en caso de contratar cualquier servicio. Puede abonarse por [&hellip;]<\/p>\n","protected":false},"author":1,"featured_media":0,"parent":0,"menu_order":0,"comment_status":"closed","ping_status":"closed","template":"","meta":{"footnotes":""},"class_list":["post-779","page","type-page","status-publish","hentry"],"yoast_head":"<!-- This site is optimized with the Yoast SEO plugin v25.1 - https:\/\/yoast.com\/wordpress\/plugins\/seo\/ -->\n<title>Reserva de cita<\/title>\n<meta name=\"description\" content=\"Reserva de cita para poder acceder a una consulta virtual de los servicios de Guimoy\u00e9 Abogados: Extranjer\u00eda - Laboral - Familia\" \/>\n<meta name=\"robots\" content=\"index, follow, max-snippet:-1, max-image-preview:large, max-video-preview:-1\" \/>\n<link rel=\"canonical\" href=\"https:\/\/guimoyeabogados.novallibres.com\/index.php\/reserva-de-cita\/\" \/>\n<meta property=\"og:locale\" content=\"es_ES\" \/>\n<meta property=\"og:type\" content=\"article\" \/>\n<meta property=\"og:title\" content=\"Reserva de cita\" \/>\n<meta property=\"og:description\" content=\"Reserva de cita para poder acceder a una consulta virtual de los servicios de Guimoy\u00e9 Abogados: Extranjer\u00eda - Laboral - Familia\" \/>\n<meta property=\"og:url\" content=\"https:\/\/guimoyeabogados.novallibres.com\/index.php\/reserva-de-cita\/\" \/>\n<meta property=\"og:site_name\" content=\"Guimoy\u00e9 Abogados\" \/>\n<meta property=\"article:publisher\" content=\"https:\/\/www.facebook.com\/profile.php?id=100081862218750\" \/>\n<meta property=\"article:modified_time\" content=\"2024-09-04T08:54:43+00:00\" \/>\n<meta property=\"og:image\" content=\"https:\/\/guimoyeabogados.novallibres.com\/wp-content\/uploads\/2024\/05\/Guimoye-Abogados-logo-recortado.png\" \/>\n\t<meta property=\"og:image:width\" content=\"509\" \/>\n\t<meta property=\"og:image:height\" content=\"512\" \/>\n\t<meta property=\"og:image:type\" content=\"image\/png\" \/>\n<meta name=\"twitter:card\" content=\"summary_large_image\" \/>\n<meta name=\"twitter:label1\" content=\"Tiempo de lectura\" \/>\n\t<meta name=\"twitter:data1\" content=\"1 minuto\" \/>\n<script type=\"application\/ld+json\" class=\"yoast-schema-graph\">{\"@context\":\"https:\/\/schema.org\",\"@graph\":[{\"@type\":\"WebPage\",\"@id\":\"https:\/\/guimoyeabogados.novallibres.com\/index.php\/reserva-de-cita\/\",\"url\":\"https:\/\/guimoyeabogados.novallibres.com\/index.php\/reserva-de-cita\/\",\"name\":\"Reserva de cita\",\"isPartOf\":{\"@id\":\"https:\/\/guimoyeabogados.novallibres.com\/#website\"},\"datePublished\":\"2024-05-31T08:48:59+00:00\",\"dateModified\":\"2024-09-04T08:54:43+00:00\",\"description\":\"Reserva de cita para poder acceder a una consulta virtual de los servicios de Guimoy\u00e9 Abogados: Extranjer\u00eda - Laboral - Familia\",\"breadcrumb\":{\"@id\":\"https:\/\/guimoyeabogados.novallibres.com\/index.php\/reserva-de-cita\/#breadcrumb\"},\"inLanguage\":\"es\",\"potentialAction\":[{\"@type\":\"ReadAction\",\"target\":[\"https:\/\/guimoyeabogados.novallibres.com\/index.php\/reserva-de-cita\/\"]}]},{\"@type\":\"BreadcrumbList\",\"@id\":\"https:\/\/guimoyeabogados.novallibres.com\/index.php\/reserva-de-cita\/#breadcrumb\",\"itemListElement\":[{\"@type\":\"ListItem\",\"position\":1,\"name\":\"Portada\",\"item\":\"https:\/\/guimoyeabogados.novallibres.com\/\"},{\"@type\":\"ListItem\",\"position\":2,\"name\":\"Reserva cita virtual\"}]},{\"@type\":\"WebSite\",\"@id\":\"https:\/\/guimoyeabogados.novallibres.com\/#website\",\"url\":\"https:\/\/guimoyeabogados.novallibres.com\/\",\"name\":\"Guimoy\u00e9 Abogados - Extranjer\u00eda - Laboral - Pensiones y subsidios - Familia\",\"description\":\"Asesor\u00eda jur\u00eddica Extranjer\u00eda - Laboral - Pensiones y subsidios - Familia\",\"publisher\":{\"@id\":\"https:\/\/guimoyeabogados.novallibres.com\/#organization\"},\"potentialAction\":[{\"@type\":\"SearchAction\",\"target\":{\"@type\":\"EntryPoint\",\"urlTemplate\":\"https:\/\/guimoyeabogados.novallibres.com\/?s={search_term_string}\"},\"query-input\":{\"@type\":\"PropertyValueSpecification\",\"valueRequired\":true,\"valueName\":\"search_term_string\"}}],\"inLanguage\":\"es\"},{\"@type\":\"Organization\",\"@id\":\"https:\/\/guimoyeabogados.novallibres.com\/#organization\",\"name\":\"Guimoy\u00e9 Abogados\",\"url\":\"https:\/\/guimoyeabogados.novallibres.com\/\",\"logo\":{\"@type\":\"ImageObject\",\"inLanguage\":\"es\",\"@id\":\"https:\/\/guimoyeabogados.novallibres.com\/#\/schema\/logo\/image\/\",\"url\":\"https:\/\/guimoyeabogados.novallibres.com\/wp-content\/uploads\/2024\/05\/Guimoye-Abogados-logo-recortado.png\",\"contentUrl\":\"https:\/\/guimoyeabogados.novallibres.com\/wp-content\/uploads\/2024\/05\/Guimoye-Abogados-logo-recortado.png\",\"width\":509,\"height\":512,\"caption\":\"Guimoy\u00e9 Abogados\"},\"image\":{\"@id\":\"https:\/\/guimoyeabogados.novallibres.com\/#\/schema\/logo\/image\/\"},\"sameAs\":[\"https:\/\/www.facebook.com\/profile.php?id=100081862218750\",\"https:\/\/www.instagram.com\/guimoyeabogados\/\",\"https:\/\/www.linkedin.com\/company\/guimoyeabogados\/\"]}]}<\/script>\n<!-- \/ Yoast SEO plugin. -->","yoast_head_json":{"title":"Reserva de cita","description":"Reserva de cita para poder acceder a una consulta virtual de los servicios de Guimoy\u00e9 Abogados: Extranjer\u00eda - Laboral - Familia","robots":{"index":"index","follow":"follow","max-snippet":"max-snippet:-1","max-image-preview":"max-image-preview:large","max-video-preview":"max-video-preview:-1"},"canonical":"https:\/\/guimoyeabogados.novallibres.com\/index.php\/reserva-de-cita\/","og_locale":"es_ES","og_type":"article","og_title":"Reserva de cita","og_description":"Reserva de cita para poder acceder a una consulta virtual de los servicios de Guimoy\u00e9 Abogados: Extranjer\u00eda - Laboral - Familia","og_url":"https:\/\/guimoyeabogados.novallibres.com\/index.php\/reserva-de-cita\/","og_site_name":"Guimoy\u00e9 Abogados","article_publisher":"https:\/\/www.facebook.com\/profile.php?id=100081862218750","article_modified_time":"2024-09-04T08:54:43+00:00","og_image":[{"width":509,"height":512,"url":"https:\/\/guimoyeabogados.novallibres.com\/wp-content\/uploads\/2024\/05\/Guimoye-Abogados-logo-recortado.png","type":"image\/png"}],"twitter_card":"summary_large_image","twitter_misc":{"Tiempo de lectura":"1 minuto"},"schema":{"@context":"https:\/\/schema.org","@graph":[{"@type":"WebPage","@id":"https:\/\/guimoyeabogados.novallibres.com\/index.php\/reserva-de-cita\/","url":"https:\/\/guimoyeabogados.novallibres.com\/index.php\/reserva-de-cita\/","name":"Reserva de cita","isPartOf":{"@id":"https:\/\/guimoyeabogados.novallibres.com\/#website"},"datePublished":"2024-05-31T08:48:59+00:00","dateModified":"2024-09-04T08:54:43+00:00","description":"Reserva de cita para poder acceder a una consulta virtual de los servicios de Guimoy\u00e9 Abogados: Extranjer\u00eda - Laboral - Familia","breadcrumb":{"@id":"https:\/\/guimoyeabogados.novallibres.com\/index.php\/reserva-de-cita\/#breadcrumb"},"inLanguage":"es","potentialAction":[{"@type":"ReadAction","target":["https:\/\/guimoyeabogados.novallibres.com\/index.php\/reserva-de-cita\/"]}]},{"@type":"BreadcrumbList","@id":"https:\/\/guimoyeabogados.novallibres.com\/index.php\/reserva-de-cita\/#breadcrumb","itemListElement":[{"@type":"ListItem","position":1,"name":"Portada","item":"https:\/\/guimoyeabogados.novallibres.com\/"},{"@type":"ListItem","position":2,"name":"Reserva cita virtual"}]},{"@type":"WebSite","@id":"https:\/\/guimoyeabogados.novallibres.com\/#website","url":"https:\/\/guimoyeabogados.novallibres.com\/","name":"Guimoy\u00e9 Abogados - Extranjer\u00eda - Laboral - Pensiones y subsidios - Familia","description":"Asesor\u00eda jur\u00eddica Extranjer\u00eda - Laboral - Pensiones y subsidios - Familia","publisher":{"@id":"https:\/\/guimoyeabogados.novallibres.com\/#organization"},"potentialAction":[{"@type":"SearchAction","target":{"@type":"EntryPoint","urlTemplate":"https:\/\/guimoyeabogados.novallibres.com\/?s={search_term_string}"},"query-input":{"@type":"PropertyValueSpecification","valueRequired":true,"valueName":"search_term_string"}}],"inLanguage":"es"},{"@type":"Organization","@id":"https:\/\/guimoyeabogados.novallibres.com\/#organization","name":"Guimoy\u00e9 Abogados","url":"https:\/\/guimoyeabogados.novallibres.com\/","logo":{"@type":"ImageObject","inLanguage":"es","@id":"https:\/\/guimoyeabogados.novallibres.com\/#\/schema\/logo\/image\/","url":"https:\/\/guimoyeabogados.novallibres.com\/wp-content\/uploads\/2024\/05\/Guimoye-Abogados-logo-recortado.png","contentUrl":"https:\/\/guimoyeabogados.novallibres.com\/wp-content\/uploads\/2024\/05\/Guimoye-Abogados-logo-recortado.png","width":509,"height":512,"caption":"Guimoy\u00e9 Abogados"},"image":{"@id":"https:\/\/guimoyeabogados.novallibres.com\/#\/schema\/logo\/image\/"},"sameAs":["https:\/\/www.facebook.com\/profile.php?id=100081862218750","https:\/\/www.instagram.com\/guimoyeabogados\/","https:\/\/www.linkedin.com\/company\/guimoyeabogados\/"]}]}},"_links":{"self":[{"href":"https:\/\/guimoyeabogados.novallibres.com\/index.php\/wp-json\/wp\/v2\/pages\/779","targetHints":{"allow":["GET"]}}],"collection":[{"href":"https:\/\/guimoyeabogados.novallibres.com\/index.php\/wp-json\/wp\/v2\/pages"}],"about":[{"href":"https:\/\/guimoyeabogados.novallibres.com\/index.php\/wp-json\/wp\/v2\/types\/page"}],"author":[{"embeddable":true,"href":"https:\/\/guimoyeabogados.novallibres.com\/index.php\/wp-json\/wp\/v2\/users\/1"}],"replies":[{"embeddable":true,"href":"https:\/\/guimoyeabogados.novallibres.com\/index.php\/wp-json\/wp\/v2\/comments?post=779"}],"version-history":[{"count":10,"href":"https:\/\/guimoyeabogados.novallibres.com\/index.php\/wp-json\/wp\/v2\/pages\/779\/revisions"}],"predecessor-version":[{"id":877,"href":"https:\/\/guimoyeabogados.novallibres.com\/index.php\/wp-json\/wp\/v2\/pages\/779\/revisions\/877"}],"wp:attachment":[{"href":"https:\/\/guimoyeabogados.novallibres.com\/index.php\/wp-json\/wp\/v2\/media?parent=779"}],"curies":[{"name":"wp","href":"https:\/\/api.w.org\/{rel}","templated":true}]}}